{"id":5769,"date":"2023-06-07T09:56:34","date_gmt":"2023-06-07T09:56:34","guid":{"rendered":"https:\/\/vitaniapilatesacademy.com\/politica-de-privacidad\/"},"modified":"2026-02-13T11:15:59","modified_gmt":"2026-02-13T11:15:59","slug":"politica-de-privacitat","status":"publish","type":"page","link":"https:\/\/vitaniapilatesacademy.com\/ca\/politica-de-privacitat\/","title":{"rendered":"Pol\u00edtica de Privacitat"},"content":{"rendered":"<div class=\"wpb-content-wrapper\">[vc_row remove_bottom_col_margin=&#8221;true&#8221; css=&#8221;.vc_custom_1765458111491{padding-top: 60px !important;padding-bottom: 80px !important;}&#8221;][vc_column][vc_column_text css=&#8221;&#8221;]\n<h2>POL\u00cdTICA DE PRIVACITAT I PROTECCI\u00d3 DE DADES<\/h2>\n<p>En compliment del Reglament (UE) 2016\/679 del Parlament Europeu i del Consell, de 27 d&#8217;abril de 2016, relatiu a la protecci\u00f3 de les persones f\u00edsiques pel que fa al tractament de dades personals, pel qual es deroga la directiva 95\/46\/CE (d&#8217;ara endavant, RGPD), de la Llei 34\/2002, d&#8217;11 de juliol, de serveis de la societat de la informaci\u00f3 i comer\u00e7 electr\u00f2nic (d&#8217;ara endavant, LSSI-CE) i de la Llei org\u00e0nica 3\/2018, de Protecci\u00f3 de Dades Personals i garantia dels drets digitals (d&#8217;ara endavant, LOPDGDD), el lloc web garanteix la protecci\u00f3 i confidencialitat de les dades personals, de qualsevol tipus que ens proporcionin els nostres clients, d&#8217;acord amb el que es disposa en el Reglament General de Protecci\u00f3 de Dades de Car\u00e0cter Personal.<\/p>\n<p>Les dades facilitades seran tractats en els termes establerts en el RGPD, en aquest sentit el lloc web ha adoptat els nivells de protecci\u00f3 que legalment s&#8217;exigeixen, i ha instal\u00b7lat totes les mesures t\u00e8cniques al seu abast per a evitar la p\u00e8rdua, mal \u00fas, alteraci\u00f3, acc\u00e9s no autoritzat per tercers, exposats a continuaci\u00f3. No obstant aix\u00f2, l&#8217;usuari ha de ser conscient que les mesures de seguretat en Internet no s\u00f3n inexpugnables.<\/p>\n<p><strong>Responsable del tractament<\/strong><br \/>\nNom del titular: T\u00e0nia Escala<br \/>\nDomicili social: Guifr\u00e9 el Pel\u00f3s, 70 08302, Matar\u00f3.<br \/>\nC.I.F.: B67231928<br \/>\nTel\u00e8fon de contacte: 722 274 705<br \/>\nCorreu electr\u00f2nic: secretaria@vitaniapilatesacademy.com<\/p>\n<p><strong>Finalitat del tractament<\/strong><br \/>\nTotes les dades facilitades pels nostres clients i\/o visitants en la web del lloc web o al seu personal, seran inclosos en registre d&#8217;activitats de tractament de dades de car\u00e0cter personal, creat i mantingut sota la responsabilitat del lloc web, imprescindibles per a prestar els serveis sol\u00b7licitats pels usuaris, o per a resoldre els dubtes o q\u00fcestions plantejades pels nostres visitants. La nostra pol\u00edtica \u00e9s no elaborar perfils sobre els usuaris dels nostres serveis.<\/p>\n<p><strong>Legitimitat del tractament<\/strong><\/p>\n<ol type=\"a\">\n<li>Relaci\u00f3 contractual: \u00c9s la que aplica quan compra un dels nostres productes o contracta algun dels nostres serveis.<\/li>\n<li>Inter\u00e8s leg\u00edtim: Per a atendre les consultes i reclamacions que ens plantegi i per a gestionar el cobrament de les quantitats degudes.<\/li>\n<li>El seu consentiment: Si \u00e9s usuari de la nostra web, mitjan\u00e7ant la marcaci\u00f3 de la casella que figura en el formulari de contacte, ens autoritza al fet que li remetem les comunicacions necess\u00e0ries per a donar resposta a la consulta o sol\u00b7licitud d&#8217;informaci\u00f3 plantejada.<\/li>\n<\/ol>\n<p><strong>Destinataris<\/strong><br \/>\nNo cedim les seves dades personals a ning\u00fa, a excepci\u00f3 d&#8217;aquelles entitats p\u00fabliques o privades a les quals estiguem obligats a facilitar les seves dades personals amb motiu del compliment d&#8217;alguna llei. Per posar un exemple, la Llei Tribut\u00e0ria obliga a facilitar a l&#8217;Ag\u00e8ncia Tribut\u00e0ria determinada informaci\u00f3 sobre operacions econ\u00f2miques que superin una determinada quantitat.<\/p>\n<p>En el cas que, al marge dels sup\u00f2sits comentats, necessitem donar a con\u00e8ixer la seva informaci\u00f3 personal a altres entitats, li sol\u00b7licitarem pr\u00e8viament el seu perm\u00eds a trav\u00e9s d&#8217;opcions clares que li permetran decidir referent a aix\u00f2.<\/p>\n<p><strong>Comunicaci\u00f3<\/strong><br \/>\nNo realitzarem transfer\u00e8ncies internacionals de les seves dades personals per a cap de les finalitats indicades.<\/p>\n<p><strong>Conservaci\u00f3<\/strong><br \/>\nNom\u00e9s conservarem les seves dades personals durant el temps que resulti necessari per a aconseguir els fins per als quals van ser recaptats. A l&#8217;hora de determinar l&#8217;oport\u00fa per\u00edode de conservaci\u00f3, examinem els riscos que comporta el tractament, aix\u00ed com les nostres obligacions contractuals, legals i normatives, les pol\u00edtiques internes de conservaci\u00f3 de dades i els nostres interessos de negoci leg\u00edtims descrits en el present Av\u00eds de Privacitat i Pol\u00edtica de Cookies.<\/p>\n<p>En aquest sentit, el lloc web conservar\u00e0 les dades personals una vegada acabada la seva relaci\u00f3 amb Vost\u00e8, degudament bloquejats, durant el termini de prescripci\u00f3 de les accions que poguessin derivar-se de la relaci\u00f3 mantinguda amb l&#8217;interessat.<\/p>\n<p>Una vegada bloquejats, les seves dades resultaran inaccessibles per al lloc web, i no seran tractats excepte per a la seva posada a disposici\u00f3 a les Administracions p\u00fabliques, Jutges i Tribunals, per a l&#8217;atenci\u00f3 de les possibles responsabilitats nascudes dels tractaments, aix\u00ed com per a l&#8217;exercici i defensa de reclamacions davant l&#8217;Ag\u00e8ncia Espanyola de Protecci\u00f3 de Dades.<\/p>\n<p><strong>Seguretat<\/strong><br \/>\nEmprem tots els esfor\u00e7os raonables per a mantenir la confidencialitat de la informaci\u00f3 personal que es tracti en els nostres sistemes. Mantenim estrictes nivells de seguretat per a protegir les dades de car\u00e0cter personal que processem enfront de p\u00e8rdues fortu\u00eftes i a accessos, tractaments o revelacions no autoritzats, tenint en compte de l&#8217;estat de la tecnologia, la naturalesa i els riscos al fet que estan exposats les dades. No obstant aix\u00f2, no podem responsabilitzar-nos de l&#8217;\u00fas que Vost\u00e8 faci de les dades (incl\u00f2s usuari i contrasenya) que utilitzi en la nostra web. El nostre personal segueix estrictes normes de privacitat i en el cas que contractem tercers per a prestar serveis de suport, els exigim que acatin les mateixes normes i ens permetin auditar-los per a verificar el seu compliment.<\/p>\n<p><strong>Els seus drets<\/strong><br \/>\nL&#8217;informem que podr\u00e0 exercir els seg\u00fcents drets:<\/p>\n<ol type=\"a\">\n<li>Dret d&#8217;acc\u00e9s a les seves dades personals, per a saber quins estan sent objecte de tractament i les operacions de tractament dutes a terme amb ells;<\/li>\n<li>Dret de rectificaci\u00f3 de qualsevol dada personal inexacta;<\/li>\n<li>Dret de supressi\u00f3 de les seves dades personals, quan aix\u00f2 sigui possible (per exemple, per imperatiu legal);<\/li>\n<li>Dret de limitaci\u00f3 del tractament de les seves dades personals quan l&#8217;exactitud, la legalitat o la necessitat del tractament de les dades resulti dubtosa, i en aquest cas, podrem conservar-los per a l&#8217;exercici o la defensa de reclamacions.<\/li>\n<li>Dret d&#8217;oposici\u00f3 al tractament de les seves dades personals, quan la base legal que ens habiliti per al seu tractament de les indicades sigui el nostre inter\u00e8s leg\u00edtim. El lloc web deixar\u00e0 de tractar les teves dades tret que tingui un inter\u00e8s leg\u00edtim o sigui necessari per a la defensa de reclamacions.<\/li>\n<li>Dret a la portabilitat de les seves dades, quan la base legal que ens habiliti per al seu tractament sigui l&#8217;exist\u00e8ncia d&#8217;una relaci\u00f3 contractual o el seu consentiment.<\/li>\n<li>Dret a revocar el consentiment atorgat al lloc web<\/li>\n<\/ol>\n<p>Per a exercitar els seus drets, pot fer-ho de manera gratu\u00efta i en qualsevol moment contactant amb nosaltres en l&#8217;adre\u00e7a C\/ Cam\u00ed Ral, 552-554 \u2013 Matar\u00f3, adjuntant c\u00f2pia del seu DNI.<\/p>\n<p><strong>Tutela de drets<\/strong><br \/>\nEn cas que entengui que els seus drets han estat desatesos per la nostra entitat, pot formular una reclamaci\u00f3 en l&#8217;Ag\u00e8ncia Espanyola de Protecci\u00f3 de Dades, a trav\u00e9s d&#8217;algun dels mitjans seg\u00fcents:<\/p>\n<ul>\n<li>Seu electr\u00f2nica:\u00a0<a href=\"https:\/\/www.aepd.es\/\">https:\/\/www.aepd.es<\/a><\/li>\n<li>Correu postal: Ag\u00e8ncia Espanyola de Protecci\u00f3 de Dades, C\/ Jorge Juan, 6, 28001, Madrid<\/li>\n<li>Tel\u00e8fon: 901.100.099 i 912.663.517<\/li>\n<\/ul>\n<p>Formular una reclamaci\u00f3 en l&#8217;Ag\u00e8ncia Espanyola de Protecci\u00f3 de Dades no comporta cap cost i no \u00e9s necess\u00e0ria l&#8217;assist\u00e8ncia d&#8217;advocat ni procurador.<\/p>\n<p><strong>Actualitzacions<\/strong><br \/>\nEl lloc web es reserva el dret a modificar la present pol\u00edtica per a adaptar-la a novetats legistlativas o jurisprudencials que puguin afectar el compliment d&#8217;aquesta.[\/vc_column_text][\/vc_column][\/vc_row]\n<\/div>","protected":false},"excerpt":{"rendered":"<p>[vc_row remove_bottom_col_margin=&#8221;true&#8221; css=&#8221;.vc_custom_1765458111491{padding-top: 60px !important;padding-bottom: 80px !important;}&#8221;][vc_column][vc_column_text css=&#8221;&#8221;] POL\u00cdTICA DE PRIVACITAT I PROTECCI\u00d3 DE DADES En compliment del Reglament (UE) 2016\/679 del Parlament Europeu i del Consell, de 27 d&#8217;abril de 2016, relatiu a la protecci\u00f3 de les persones f\u00edsiques pel que fa al tractament de dades personals, pel qual es deroga la directiva 95\/46\/CE&hellip;<\/p>\n","protected":false},"author":1,"featured_media":0,"parent":0,"menu_order":0,"comment_status":"closed","ping_status":"closed","template":"","meta":{"_joinchat":[],"footnotes":""},"class_list":["post-5769","page","type-page","status-publish","hentry","entry","no-media"],"yoast_head":"<!-- This site is optimized with the Yoast SEO plugin v27.0 - https:\/\/yoast.com\/product\/yoast-seo-wordpress\/ -->\n<title>Pol\u00edtica de Privacitat - Vit\u0101nia Pilates Academy<\/title>\n<meta name=\"robots\" content=\"index, follow, max-snippet:-1, max-image-preview:large, max-video-preview:-1\" \/>\n<link rel=\"canonical\" href=\"https:\/\/vitaniapilatesacademy.com\/ca\/politica-de-privacitat\/\" \/>\n<meta property=\"og:locale\" content=\"ca_ES\" \/>\n<meta property=\"og:type\" content=\"article\" \/>\n<meta property=\"og:title\" content=\"Pol\u00edtica de Privacitat - Vit\u0101nia Pilates Academy\" \/>\n<meta property=\"og:description\" content=\"[vc_row remove_bottom_col_margin=&#8221;true&#8221; css=&#8221;.vc_custom_1765458111491{padding-top: 60px !important;padding-bottom: 80px !important;}&#8221;][vc_column][vc_column_text css=&#8221;&#8221;] POL\u00cdTICA DE PRIVACITAT I PROTECCI\u00d3 DE DADES En compliment del Reglament (UE) 2016\/679 del Parlament Europeu i del Consell, de 27 d&#8217;abril de 2016, relatiu a la protecci\u00f3 de les persones f\u00edsiques pel que fa al tractament de dades personals, pel qual es deroga la directiva 95\/46\/CE&hellip;\" \/>\n<meta property=\"og:url\" content=\"https:\/\/vitaniapilatesacademy.com\/ca\/politica-de-privacitat\/\" \/>\n<meta property=\"og:site_name\" content=\"Vit\u0101nia Pilates Academy\" \/>\n<meta property=\"article:modified_time\" content=\"2026-02-13T11:15:59+00:00\" \/>\n<meta name=\"twitter:card\" content=\"summary_large_image\" \/>\n<meta name=\"twitter:label1\" content=\"Temps estimat de lectura\" \/>\n\t<meta name=\"twitter:data1\" content=\"6 minuts\" \/>\n<script type=\"application\/ld+json\" class=\"yoast-schema-graph\">{\"@context\":\"https:\/\/schema.org\",\"@graph\":[{\"@type\":\"WebPage\",\"@id\":\"https:\/\/vitaniapilatesacademy.com\/ca\/politica-de-privacitat\/\",\"url\":\"https:\/\/vitaniapilatesacademy.com\/ca\/politica-de-privacitat\/\",\"name\":\"Pol\u00edtica de Privacitat - Vit\u0101nia Pilates Academy\",\"isPartOf\":{\"@id\":\"https:\/\/vitaniapilatesacademy.com\/#website\"},\"datePublished\":\"2023-06-07T09:56:34+00:00\",\"dateModified\":\"2026-02-13T11:15:59+00:00\",\"breadcrumb\":{\"@id\":\"https:\/\/vitaniapilatesacademy.com\/ca\/politica-de-privacitat\/#breadcrumb\"},\"inLanguage\":\"ca\",\"potentialAction\":[{\"@type\":\"ReadAction\",\"target\":[\"https:\/\/vitaniapilatesacademy.com\/ca\/politica-de-privacitat\/\"]}]},{\"@type\":\"BreadcrumbList\",\"@id\":\"https:\/\/vitaniapilatesacademy.com\/ca\/politica-de-privacitat\/#breadcrumb\",\"itemListElement\":[{\"@type\":\"ListItem\",\"position\":1,\"name\":\"Home\",\"item\":\"https:\/\/vitaniapilatesacademy.com\/ca\/\"},{\"@type\":\"ListItem\",\"position\":2,\"name\":\"Pol\u00edtica de Privacitat\"}]},{\"@type\":\"WebSite\",\"@id\":\"https:\/\/vitaniapilatesacademy.com\/#website\",\"url\":\"https:\/\/vitaniapilatesacademy.com\/\",\"name\":\"Vit\u0101nia Pilates Academy\",\"description\":\"Cursos de formaci\u00f3n como instructor de Pilates\",\"publisher\":{\"@id\":\"https:\/\/vitaniapilatesacademy.com\/#organization\"},\"potentialAction\":[{\"@type\":\"SearchAction\",\"target\":{\"@type\":\"EntryPoint\",\"urlTemplate\":\"https:\/\/vitaniapilatesacademy.com\/?s={search_term_string}\"},\"query-input\":{\"@type\":\"PropertyValueSpecification\",\"valueRequired\":true,\"valueName\":\"search_term_string\"}}],\"inLanguage\":\"ca\"},{\"@type\":\"Organization\",\"@id\":\"https:\/\/vitaniapilatesacademy.com\/#organization\",\"name\":\"Vit\u0101nia Pilates Academy\",\"url\":\"https:\/\/vitaniapilatesacademy.com\/\",\"logo\":{\"@type\":\"ImageObject\",\"inLanguage\":\"ca\",\"@id\":\"https:\/\/vitaniapilatesacademy.com\/#\/schema\/logo\/image\/\",\"url\":\"https:\/\/vitaniapilatesacademy.com\/wp-content\/uploads\/2025\/12\/logotip-blanc.png\",\"contentUrl\":\"https:\/\/vitaniapilatesacademy.com\/wp-content\/uploads\/2025\/12\/logotip-blanc.png\",\"width\":864,\"height\":218,\"caption\":\"Vit\u0101nia Pilates Academy\"},\"image\":{\"@id\":\"https:\/\/vitaniapilatesacademy.com\/#\/schema\/logo\/image\/\"}}]}<\/script>\n<!-- \/ Yoast SEO plugin. -->","yoast_head_json":{"title":"Pol\u00edtica de Privacitat - Vit\u0101nia Pilates Academy","robots":{"index":"index","follow":"follow","max-snippet":"max-snippet:-1","max-image-preview":"max-image-preview:large","max-video-preview":"max-video-preview:-1"},"canonical":"https:\/\/vitaniapilatesacademy.com\/ca\/politica-de-privacitat\/","og_locale":"ca_ES","og_type":"article","og_title":"Pol\u00edtica de Privacitat - Vit\u0101nia Pilates Academy","og_description":"[vc_row remove_bottom_col_margin=&#8221;true&#8221; css=&#8221;.vc_custom_1765458111491{padding-top: 60px !important;padding-bottom: 80px !important;}&#8221;][vc_column][vc_column_text css=&#8221;&#8221;] POL\u00cdTICA DE PRIVACITAT I PROTECCI\u00d3 DE DADES En compliment del Reglament (UE) 2016\/679 del Parlament Europeu i del Consell, de 27 d&#8217;abril de 2016, relatiu a la protecci\u00f3 de les persones f\u00edsiques pel que fa al tractament de dades personals, pel qual es deroga la directiva 95\/46\/CE&hellip;","og_url":"https:\/\/vitaniapilatesacademy.com\/ca\/politica-de-privacitat\/","og_site_name":"Vit\u0101nia Pilates Academy","article_modified_time":"2026-02-13T11:15:59+00:00","twitter_card":"summary_large_image","twitter_misc":{"Temps estimat de lectura":"6 minuts"},"schema":{"@context":"https:\/\/schema.org","@graph":[{"@type":"WebPage","@id":"https:\/\/vitaniapilatesacademy.com\/ca\/politica-de-privacitat\/","url":"https:\/\/vitaniapilatesacademy.com\/ca\/politica-de-privacitat\/","name":"Pol\u00edtica de Privacitat - Vit\u0101nia Pilates Academy","isPartOf":{"@id":"https:\/\/vitaniapilatesacademy.com\/#website"},"datePublished":"2023-06-07T09:56:34+00:00","dateModified":"2026-02-13T11:15:59+00:00","breadcrumb":{"@id":"https:\/\/vitaniapilatesacademy.com\/ca\/politica-de-privacitat\/#breadcrumb"},"inLanguage":"ca","potentialAction":[{"@type":"ReadAction","target":["https:\/\/vitaniapilatesacademy.com\/ca\/politica-de-privacitat\/"]}]},{"@type":"BreadcrumbList","@id":"https:\/\/vitaniapilatesacademy.com\/ca\/politica-de-privacitat\/#breadcrumb","itemListElement":[{"@type":"ListItem","position":1,"name":"Home","item":"https:\/\/vitaniapilatesacademy.com\/ca\/"},{"@type":"ListItem","position":2,"name":"Pol\u00edtica de Privacitat"}]},{"@type":"WebSite","@id":"https:\/\/vitaniapilatesacademy.com\/#website","url":"https:\/\/vitaniapilatesacademy.com\/","name":"Vit\u0101nia Pilates Academy","description":"Cursos de formaci\u00f3n como instructor de Pilates","publisher":{"@id":"https:\/\/vitaniapilatesacademy.com\/#organization"},"potentialAction":[{"@type":"SearchAction","target":{"@type":"EntryPoint","urlTemplate":"https:\/\/vitaniapilatesacademy.com\/?s={search_term_string}"},"query-input":{"@type":"PropertyValueSpecification","valueRequired":true,"valueName":"search_term_string"}}],"inLanguage":"ca"},{"@type":"Organization","@id":"https:\/\/vitaniapilatesacademy.com\/#organization","name":"Vit\u0101nia Pilates Academy","url":"https:\/\/vitaniapilatesacademy.com\/","logo":{"@type":"ImageObject","inLanguage":"ca","@id":"https:\/\/vitaniapilatesacademy.com\/#\/schema\/logo\/image\/","url":"https:\/\/vitaniapilatesacademy.com\/wp-content\/uploads\/2025\/12\/logotip-blanc.png","contentUrl":"https:\/\/vitaniapilatesacademy.com\/wp-content\/uploads\/2025\/12\/logotip-blanc.png","width":864,"height":218,"caption":"Vit\u0101nia Pilates Academy"},"image":{"@id":"https:\/\/vitaniapilatesacademy.com\/#\/schema\/logo\/image\/"}}]}},"_links":{"self":[{"href":"https:\/\/vitaniapilatesacademy.com\/ca\/wp-json\/wp\/v2\/pages\/5769","targetHints":{"allow":["GET"]}}],"collection":[{"href":"https:\/\/vitaniapilatesacademy.com\/ca\/wp-json\/wp\/v2\/pages"}],"about":[{"href":"https:\/\/vitaniapilatesacademy.com\/ca\/wp-json\/wp\/v2\/types\/page"}],"author":[{"embeddable":true,"href":"https:\/\/vitaniapilatesacademy.com\/ca\/wp-json\/wp\/v2\/users\/1"}],"replies":[{"embeddable":true,"href":"https:\/\/vitaniapilatesacademy.com\/ca\/wp-json\/wp\/v2\/comments?post=5769"}],"version-history":[{"count":1,"href":"https:\/\/vitaniapilatesacademy.com\/ca\/wp-json\/wp\/v2\/pages\/5769\/revisions"}],"predecessor-version":[{"id":5770,"href":"https:\/\/vitaniapilatesacademy.com\/ca\/wp-json\/wp\/v2\/pages\/5769\/revisions\/5770"}],"wp:attachment":[{"href":"https:\/\/vitaniapilatesacademy.com\/ca\/wp-json\/wp\/v2\/media?parent=5769"}],"curies":[{"name":"wp","href":"https:\/\/api.w.org\/{rel}","templated":true}]}}