{"id":5809,"date":"2026-01-12T09:43:27","date_gmt":"2026-01-12T09:43:27","guid":{"rendered":"https:\/\/vitaniapilatesacademy.com\/formaciones\/"},"modified":"2026-02-16T09:24:41","modified_gmt":"2026-02-16T09:24:41","slug":"formacions","status":"publish","type":"page","link":"https:\/\/vitaniapilatesacademy.com\/ca\/formacions\/","title":{"rendered":"Formacions de Pilates"},"content":{"rendered":"<div class=\"wpb-content-wrapper\">[vc_section full_width=&#8221;stretch_row&#8221; video_bg_zoom=&#8221;false&#8221; video_bg_center=&#8221;true&#8221; video_bg=&#8221;self_hosted&#8221; video_bg_mp4=&#8221;https:\/\/vitaniapilatesacademy.com\/wp-content\/uploads\/2026\/01\/Video-retallat-2.mov&#8221; css=&#8221;.vc_custom_1769163728608{padding-top: 180px !important;padding-bottom: 180px !important;}&#8221; wpex_bg_overlay=&#8221;color&#8221; wpex_bg_overlay_color=&#8221;palette-4633&#8243; visibility=&#8221;hide-at-mm-breakpoint&#8221;][vc_row column_spacing=&#8221;0px&#8221; remove_bottom_col_margin=&#8221;true&#8221;][vc_column]<style>.vcex-heading.vcex_69daccf704ed4{color:var(--wpex-palette-4634-color);font-size:40px;font-family:Inter, sans-serif;font-weight:100;text-transform:uppercase;}<\/style><h1 class=\"vcex-heading vcex-heading-plain vcex-module wpex-heading wpex-text-2xl wpex-mt-0 wpex-mb-0 wpex-text-center vcex_69daccf704ed4\"><span class=\"vcex-heading-inner wpex-inline-block\">Formacions de Pilates<\/span><\/h1>[\/vc_column][\/vc_row][\/vc_section][vc_section full_width=&#8221;stretch_row&#8221; video_bg_center=&#8221;true&#8221; video_bg=&#8221;self_hosted&#8221; video_bg_mp4=&#8221;https:\/\/vitaniapilatesacademy.com\/wp-content\/uploads\/2026\/01\/Video-retallat-2.mov&#8221; css=&#8221;.vc_custom_1769163739657{padding-top: 180px !important;padding-bottom: 180px !important;}&#8221; wpex_bg_overlay=&#8221;color&#8221; wpex_bg_overlay_color=&#8221;palette-4633&#8243; visibility=&#8221;show-at-mm-breakpoint&#8221;][vc_row column_spacing=&#8221;0px&#8221; remove_bottom_col_margin=&#8221;true&#8221;][vc_column]<style>.vcex-heading.vcex_69daccf706798{color:var(--wpex-palette-4634-color);font-size:40px;font-family:Inter, sans-serif;font-weight:100;text-transform:uppercase;}<\/style><div class=\"vcex-heading vcex-heading-plain vcex-module wpex-heading wpex-text-2xl wpex-mt-0 wpex-mb-0 wpex-text-center vcex_69daccf706798\"><span class=\"vcex-heading-inner wpex-inline-block\">Formacions de Pilates<\/span><\/div>[\/vc_column][\/vc_row][\/vc_section][vc_section full_width=&#8221;stretch_row&#8221; css=&#8221;.vc_custom_1768211399696{padding-top: 80px !important;padding-bottom: 80px !important;}&#8221;][vc_row css_animation=&#8221;fadeInLeft&#8221; content_placement=&#8221;middle&#8221; column_spacing=&#8221;0px&#8221; equal_height=&#8221;yes&#8221; remove_bottom_col_margin=&#8221;true&#8221; css=&#8221;.vc_custom_1768208594298{margin-bottom: 30px !important;}&#8221;][vc_column width=&#8221;1\/2&#8243; el_class=&#8221;formaciones-home-caixa-text-left&#8221;]<style>.vcex-heading.vcex_69daccf70738d{color:var(--wpex-palette-4633-color);font-size:22px;font-family:Inter, sans-serif;font-weight:600;}<\/style><h3 class=\"vcex-heading vcex-heading-plain vcex-module wpex-heading wpex-text-2xl wpex-mb-15 wpex-text-left vcex_69daccf70738d\"><span class=\"vcex-heading-inner wpex-inline-block\">Formaci\u00f3 de Pilates Integral<\/span><\/h3>[vc_column_text css=&#8221;&#8221; text_align=&#8221;left&#8221; font_size=&#8221;16px&#8221;]Programa complet que combina teoria i pr\u00e0ctica perqu\u00e8 dominis el m\u00e8tode Pilates Cl\u00e0ssic de manera transversal, s\u00f2lida i professional. La formaci\u00f3 inclou pr\u00e0ctiques reals com a instructor.[\/vc_column_text]<style>.vcex-button.vcex_69daccf708cd4:hover{background:var(--wpex-palette-4631-color)!important;}.vcex-button.vcex_69daccf708cd4{margin-block-start:25px;font-size:13px;font-family:Inter, sans-serif;text-transform:uppercase;}<\/style><a href=\"\/ca\/formacions\/formacio-de-pilates-integral\/\" class=\"vcex-button theme-button align-left inline vcex_69daccf708cd4\"><span class=\"vcex-button-inner theme-button-inner wpex-flex wpex-flex-wrap wpex-items-center wpex-justify-center\">M\u00e9s informaci\u00f3<\/span><\/a> [\/vc_column][vc_column parallax=&#8221;content-moving&#8221; parallax_image=&#8221;5388&#8243; width=&#8221;1\/2&#8243; min_height=&#8221;390px&#8221; el_class=&#8221;formaciones-home-caixa-imatge-right&#8221;][\/vc_column][\/vc_row][vc_row column_spacing=&#8221;0px&#8221; remove_bottom_col_margin=&#8221;true&#8221;][vc_column]<style>.vcex-grid-container.vcex_69daccf709544{gap:25px;}<\/style><div class=\"vcex-grid-container vcex-module wpex-grid wpex-gap-20 wpex-grid-cols-1 wpex-sm-grid-cols-1 wpex-md-grid-cols-2 wpex-lg-grid-cols-2 wpex-xl-grid-cols-2 vcex_69daccf709544\"><style>.vcex-image-banner.vcex_69daccf70ad33 .vcex-ib-overlay-bg{background-color:var(--wpex-palette-4633-color);opacity:0.8;}.vcex-image-banner.vcex_69daccf70ad33 .vcex-ib-title{padding-block-end:15px;color:var(--wpex-palette-4634-color);font-size:22px;}.vcex-image-banner.vcex_69daccf70ad33 .vcex-ib-caption{padding-block-end:25px;color:var(--wpex-palette-4634-color);font-size:16px;}.vcex-image-banner.vcex_69daccf70ad33 .vcex-ib-button-inner{font-size:13px;}.vcex-image-banner.vcex_69daccf70ad33 .vcex-ib-button-inner:hover{background:var(--wpex-palette-4631-color);}.vcex-image-banner.vcex_69daccf70ad33 .vcex-ib-img{transition-duration:5.9s;}<\/style><a class=\"vcex-module vcex-image-banner vcex-image-banner-has-link wpex-no-underline wpex-flex wpex-flex-col wpex-w-100 wpex-justify-center wpex-relative wpex-overflow-hidden wpex-bg-gray-900 wpex-text-white wpex-hover-text-white  wpb_animate_when_almost_visible wpb_fadeInLeft fadeInLeft wpex-text-center wpex-rounded-lg vcex-h-zoom wpex-isolate vcex-has-button vcex_69daccf70ad33\" href=\"https:\/\/vitaniapilatesacademy.com\/ca\/formacions\/curs-de-pilates-mat\/\" title=\"Curso de Pilates Mat\"><span class=\"vcex-ib-img wpex-block wpex-transition-all wpex-duration-500 wpex-bg-cover wpex-absolute wpex-inset-0\" style=\"background-image:url(https:\/\/vitaniapilatesacademy.com\/wp-content\/uploads\/2026\/01\/img-serveis-1.jpg);\"><\/span><div class=\"vcex-ib-overlay wpex-absolute wpex-inset-0 wpex-transition-all wpex-duration-500\"><div class=\"vcex-ib-overlay-bg wpex-absolute wpex-inset-0 wpex-bg-black wpex-opacity-30\"><\/div><\/div><div class=\"vcex-ib-content-wrap wpex-w-100 wpex-transition-all wpex-duration-500 wpex-py-100 wpex-px-40 wpex-relative\"><div class=\"vcex-ib-content wpex-mx-auto\"><div class=\"vcex-ib-title wpex-heading\">Curs de Pilates Mat<\/div><div class=\"vcex-ib-caption wpex-text-lg wpex-last-mb-0\">Curs dissenyat per a dominar la base del M\u00e8tode Pilates. Aprendr\u00e0s a comprendre el moviment des d'una base anat\u00f2mica, a guiar classes efectives i segures, i a adaptar els exercicis a diferents nivells i necessitats.<\/div><div class=\"vcex-ib-button\"><span class=\"vcex-ib-button-inner theme-button\">M\u00c9S INFORMACI\u00d3<\/span><\/div><\/div><\/div><\/a><style>.vcex-image-banner.vcex_69daccf70f74b .vcex-ib-overlay-bg{background-color:var(--wpex-palette-4633-color);opacity:0.8;}.vcex-image-banner.vcex_69daccf70f74b .vcex-ib-title{padding-block-end:15px;color:var(--wpex-palette-4634-color);font-size:22px;}.vcex-image-banner.vcex_69daccf70f74b .vcex-ib-caption{padding-block-end:25px;color:var(--wpex-palette-4634-color);font-size:16px;}.vcex-image-banner.vcex_69daccf70f74b .vcex-ib-button-inner{font-size:13px;}.vcex-image-banner.vcex_69daccf70f74b .vcex-ib-button-inner:hover{background:var(--wpex-palette-4631-color);}.vcex-image-banner.vcex_69daccf70f74b .vcex-ib-img{transition-duration:5.9s;}<\/style><a class=\"vcex-module vcex-image-banner vcex-image-banner-has-link wpex-no-underline wpex-flex wpex-flex-col wpex-w-100 wpex-justify-center wpex-relative wpex-overflow-hidden wpex-bg-gray-900 wpex-text-white wpex-hover-text-white  wpb_animate_when_almost_visible wpb_fadeInRight fadeInRight wpex-text-center wpex-rounded-lg vcex-h-zoom wpex-isolate vcex-has-button vcex_69daccf70f74b\" href=\"\/ca\/formacions\/curs-de-pilates-reformer\/\"><span class=\"vcex-ib-img wpex-block wpex-transition-all wpex-duration-500 wpex-bg-cover wpex-absolute wpex-inset-0\" style=\"background-image:url(https:\/\/vitaniapilatesacademy.com\/wp-content\/uploads\/2026\/01\/img-serveis-reformer.jpg);\"><\/span><div class=\"vcex-ib-overlay wpex-absolute wpex-inset-0 wpex-transition-all wpex-duration-500\"><div class=\"vcex-ib-overlay-bg wpex-absolute wpex-inset-0 wpex-bg-black wpex-opacity-30\"><\/div><\/div><div class=\"vcex-ib-content-wrap wpex-w-100 wpex-transition-all wpex-duration-500 wpex-py-100 wpex-px-40 wpex-relative\"><div class=\"vcex-ib-content wpex-mx-auto\"><div class=\"vcex-ib-title wpex-heading\">Curs de Pilates Reformer<\/div><div class=\"vcex-ib-caption wpex-text-lg wpex-last-mb-0\">Formaci\u00f3 pr\u00e0ctica per a aprendre a preparar classes completes, adaptar els exercicis a diferents perfils, incloent-hi alumnes amb patologies, i dirigir les sessions amb precisi\u00f3 t\u00e8cnica.<\/div><div class=\"vcex-ib-button\"><span class=\"vcex-ib-button-inner theme-button\">M\u00c9S INFORMACI\u00d3<\/span><\/div><\/div><\/div><\/a><style>.vcex-image-banner.vcex_69daccf710fbd .vcex-ib-overlay-bg{background-color:var(--wpex-palette-4633-color);opacity:0.8;}.vcex-image-banner.vcex_69daccf710fbd .vcex-ib-title{padding-block-end:15px;color:var(--wpex-palette-4634-color);font-size:22px;}.vcex-image-banner.vcex_69daccf710fbd .vcex-ib-caption{padding-block-end:25px;color:var(--wpex-palette-4634-color);font-size:16px;}.vcex-image-banner.vcex_69daccf710fbd .vcex-ib-button-inner{font-size:13px;}.vcex-image-banner.vcex_69daccf710fbd .vcex-ib-button-inner:hover{background:var(--wpex-palette-4631-color);}.vcex-image-banner.vcex_69daccf710fbd .vcex-ib-img{transition-duration:5.9s;}<\/style><a class=\"vcex-module vcex-image-banner vcex-image-banner-has-link wpex-no-underline wpex-flex wpex-flex-col wpex-w-100 wpex-justify-center wpex-relative wpex-overflow-hidden wpex-bg-gray-900 wpex-text-white wpex-hover-text-white  wpb_animate_when_almost_visible wpb_fadeInLeft fadeInLeft wpex-text-center wpex-rounded-lg vcex-h-zoom wpex-isolate vcex-has-button vcex_69daccf710fbd\" href=\"https:\/\/vitaniapilatesacademy.com\/ca\/formacions\/curs-de-pilates-studio\/\" title=\"Curso de Pilates Studio\"><span class=\"vcex-ib-img wpex-block wpex-transition-all wpex-duration-500 wpex-bg-cover wpex-absolute wpex-inset-0\" style=\"background-image:url(https:\/\/vitaniapilatesacademy.com\/wp-content\/uploads\/2026\/01\/img-serveis-studio.jpg);\"><\/span><div class=\"vcex-ib-overlay wpex-absolute wpex-inset-0 wpex-transition-all wpex-duration-500\"><div class=\"vcex-ib-overlay-bg wpex-absolute wpex-inset-0 wpex-bg-black wpex-opacity-30\"><\/div><\/div><div class=\"vcex-ib-content-wrap wpex-w-100 wpex-transition-all wpex-duration-500 wpex-py-100 wpex-px-40 wpex-relative\"><div class=\"vcex-ib-content wpex-mx-auto\"><div class=\"vcex-ib-title wpex-heading\">Curs de Pilates Studio<\/div><div class=\"vcex-ib-caption wpex-text-lg wpex-last-mb-0\">Formaci\u00f3 intensiva dissenyada per a professionalitzar-se en el domini del Pilates Reformer, Cadillach, Chairs i Barrel. Et proporcionar\u00e0 les eines necess\u00e0ries per a dissenyar classes efectives, conscients i adaptades a diferents nivells, objectius i condicions f\u00edsiques.<\/div><div class=\"vcex-ib-button\"><span class=\"vcex-ib-button-inner theme-button\">M\u00c9S INFORMACI\u00d3<\/span><\/div><\/div><\/div><\/a><style>.vcex-image-banner.vcex_69daccf7136f1 .vcex-ib-overlay-bg{background-color:var(--wpex-palette-4633-color);opacity:0.8;}.vcex-image-banner.vcex_69daccf7136f1 .vcex-ib-title{padding-block-end:15px;color:var(--wpex-palette-4634-color);font-size:22px;}.vcex-image-banner.vcex_69daccf7136f1 .vcex-ib-caption{padding-block-end:25px;color:var(--wpex-palette-4634-color);font-size:16px;}.vcex-image-banner.vcex_69daccf7136f1 .vcex-ib-button-inner{font-size:13px;}.vcex-image-banner.vcex_69daccf7136f1 .vcex-ib-button-inner:hover{background:var(--wpex-palette-4631-color);}.vcex-image-banner.vcex_69daccf7136f1 .vcex-ib-img{transition-duration:5.9s;}<\/style><a class=\"vcex-module vcex-image-banner vcex-image-banner-has-link wpex-no-underline wpex-flex wpex-flex-col wpex-w-100 wpex-justify-center wpex-relative wpex-overflow-hidden wpex-bg-gray-900 wpex-text-white wpex-hover-text-white  wpb_animate_when_almost_visible wpb_fadeInRight fadeInRight wpex-text-center wpex-rounded-lg vcex-h-zoom wpex-isolate vcex-has-button vcex_69daccf7136f1\" href=\"https:\/\/vitaniapilatesacademy.com\/ca\/formacions\/curs-de-poblacions-especials-i-patologies\/\" title=\"Curso de Poblaciones Especiales y Patolog\u00edas\"><span class=\"vcex-ib-img wpex-block wpex-transition-all wpex-duration-500 wpex-bg-cover wpex-absolute wpex-inset-0\" style=\"background-image:url(https:\/\/vitaniapilatesacademy.com\/wp-content\/uploads\/2026\/01\/img-serveis-patologias.jpg);\"><\/span><div class=\"vcex-ib-overlay wpex-absolute wpex-inset-0 wpex-transition-all wpex-duration-500\"><div class=\"vcex-ib-overlay-bg wpex-absolute wpex-inset-0 wpex-bg-black wpex-opacity-30\"><\/div><\/div><div class=\"vcex-ib-content-wrap wpex-w-100 wpex-transition-all wpex-duration-500 wpex-py-100 wpex-px-40 wpex-relative\"><div class=\"vcex-ib-content wpex-mx-auto\"><div class=\"vcex-ib-title wpex-heading\">Monogr\u00e0fic de patologies i poblacions especials<\/div><div class=\"vcex-ib-caption wpex-text-lg wpex-last-mb-0\">Una formaci\u00f3 intensiva, pr\u00e0ctica i rigorosa per a aprendre a preparar les classes, adaptant els exercicis a diferents perfils amb patologies i a impartir-les amb precisi\u00f3 t\u00e8cnica.<\/div><div class=\"vcex-ib-button\"><span class=\"vcex-ib-button-inner theme-button\">M\u00c9S INFORMACI\u00d3<\/span><\/div><\/div><\/div><\/a><\/div>[\/vc_column][\/vc_row][vc_row][vc_column]<div class=\"vcex-spacing wpex-w-100 wpex-clear\" style=\"height:20px;\"><\/div><style>.vcex-button.vcex_69daccf715fb6:hover{background:var(--wpex-palette-4631-color)!important;}.vcex-button.vcex_69daccf715fb6{padding-block:3px;margin-block-start:30px;font-size:16px;font-family:Inter, sans-serif;font-weight:500;text-transform:uppercase;}<\/style><div class=\"theme-button-wrap textcenter wpex-clr\"><a href=\"#\" class=\"vcex-button theme-button align-center wpex-mb-10 inline popup-formacion vcex_69daccf715fb6\"><span class=\"vcex-button-inner theme-button-inner wpex-flex wpex-flex-wrap wpex-items-center wpex-justify-center\">Sol\u00b7licita m\u00e9s informaci\u00f3<\/span><\/a><\/div> [\/vc_column][\/vc_row][\/vc_section]\n<\/div>","protected":false},"excerpt":{"rendered":"<p>[vc_section full_width=&#8221;stretch_row&#8221; video_bg_zoom=&#8221;false&#8221; video_bg_center=&#8221;true&#8221; video_bg=&#8221;self_hosted&#8221; video_bg_mp4=&#8221;https:\/\/vitaniapilatesacademy.com\/wp-content\/uploads\/2026\/01\/Video-retallat-2.mov&#8221; css=&#8221;.vc_custom_1769163728608{padding-top: 180px !important;padding-bottom: 180px !important;}&#8221; wpex_bg_overlay=&#8221;color&#8221; wpex_bg_overlay_color=&#8221;palette-4633&#8243; visibility=&#8221;hide-at-mm-breakpoint&#8221;][vc_row column_spacing=&#8221;0px&#8221; remove_bottom_col_margin=&#8221;true&#8221;][vc_column][\/vc_column][\/vc_row][\/vc_section][vc_section full_width=&#8221;stretch_row&#8221; video_bg_center=&#8221;true&#8221; video_bg=&#8221;self_hosted&#8221; video_bg_mp4=&#8221;https:\/\/vitaniapilatesacademy.com\/wp-content\/uploads\/2026\/01\/Video-retallat-2.mov&#8221; css=&#8221;.vc_custom_1769163739657{padding-top: 180px !important;padding-bottom: 180px !important;}&#8221; wpex_bg_overlay=&#8221;color&#8221; wpex_bg_overlay_color=&#8221;palette-4633&#8243; visibility=&#8221;show-at-mm-breakpoint&#8221;][vc_row column_spacing=&#8221;0px&#8221; remove_bottom_col_margin=&#8221;true&#8221;][vc_column][\/vc_column][\/vc_row][\/vc_section][vc_section full_width=&#8221;stretch_row&#8221; css=&#8221;.vc_custom_1768211399696{padding-top: 80px !important;padding-bottom: 80px !important;}&#8221;][vc_row css_animation=&#8221;fadeInLeft&#8221; content_placement=&#8221;middle&#8221; column_spacing=&#8221;0px&#8221; equal_height=&#8221;yes&#8221; remove_bottom_col_margin=&#8221;true&#8221; css=&#8221;.vc_custom_1768208594298{margin-bottom: 30px !important;}&#8221;][vc_column width=&#8221;1\/2&#8243; el_class=&#8221;formaciones-home-caixa-text-left&#8221;][vc_column_text css=&#8221;&#8221; text_align=&#8221;left&#8221; font_size=&#8221;16px&#8221;]Programa complet que combina teoria i pr\u00e0ctica&hellip;<\/p>\n","protected":false},"author":1,"featured_media":5718,"parent":0,"menu_order":0,"comment_status":"closed","ping_status":"closed","template":"","meta":{"_joinchat":[],"footnotes":""},"class_list":["post-5809","page","type-page","status-publish","has-post-thumbnail","hentry","entry","has-media"],"yoast_head":"<!-- This site is optimized with the Yoast SEO plugin v27.0 - https:\/\/yoast.com\/product\/yoast-seo-wordpress\/ -->\n<title>Formacions de Pilates - Vit\u0101nia Pilates Academy<\/title>\n<meta name=\"description\" content=\"Formaciones de Pilates para profesores y profesionales: aprende con metodolog\u00eda pr\u00e1ctica, certificaci\u00f3n y acompa\u00f1amiento experto.\" \/>\n<meta name=\"robots\" content=\"index, follow, max-snippet:-1, max-image-preview:large, max-video-preview:-1\" \/>\n<link rel=\"canonical\" href=\"https:\/\/vitaniapilatesacademy.com\/ca\/formacions\/\" \/>\n<meta property=\"og:locale\" content=\"ca_ES\" \/>\n<meta property=\"og:type\" content=\"article\" \/>\n<meta property=\"og:title\" content=\"Formacions de Pilates - Vit\u0101nia Pilates Academy\" \/>\n<meta property=\"og:description\" content=\"Formaciones de Pilates para profesores y profesionales: aprende con metodolog\u00eda pr\u00e1ctica, certificaci\u00f3n y acompa\u00f1amiento experto.\" \/>\n<meta property=\"og:url\" content=\"https:\/\/vitaniapilatesacademy.com\/ca\/formacions\/\" \/>\n<meta property=\"og:site_name\" content=\"Vit\u0101nia Pilates Academy\" \/>\n<meta property=\"article:modified_time\" content=\"2026-02-16T09:24:41+00:00\" \/>\n<meta property=\"og:image\" content=\"https:\/\/vitaniapilatesacademy.com\/wp-content\/uploads\/2025\/12\/icona.png\" \/>\n\t<meta property=\"og:image:width\" content=\"928\" \/>\n\t<meta property=\"og:image:height\" content=\"928\" \/>\n\t<meta property=\"og:image:type\" content=\"image\/png\" \/>\n<meta name=\"twitter:card\" content=\"summary_large_image\" \/>\n<meta name=\"twitter:label1\" content=\"Temps estimat de lectura\" \/>\n\t<meta name=\"twitter:data1\" content=\"2 minuts\" \/>\n<script type=\"application\/ld+json\" class=\"yoast-schema-graph\">{\"@context\":\"https:\/\/schema.org\",\"@graph\":[{\"@type\":\"WebPage\",\"@id\":\"https:\/\/vitaniapilatesacademy.com\/ca\/formacions\/\",\"url\":\"https:\/\/vitaniapilatesacademy.com\/ca\/formacions\/\",\"name\":\"Formacions de Pilates - Vit\u0101nia Pilates Academy\",\"isPartOf\":{\"@id\":\"https:\/\/vitaniapilatesacademy.com\/#website\"},\"primaryImageOfPage\":{\"@id\":\"https:\/\/vitaniapilatesacademy.com\/ca\/formacions\/#primaryimage\"},\"image\":{\"@id\":\"https:\/\/vitaniapilatesacademy.com\/ca\/formacions\/#primaryimage\"},\"thumbnailUrl\":\"https:\/\/vitaniapilatesacademy.com\/wp-content\/uploads\/2025\/12\/icona.png\",\"datePublished\":\"2026-01-12T09:43:27+00:00\",\"dateModified\":\"2026-02-16T09:24:41+00:00\",\"description\":\"Formaciones de Pilates para profesores y profesionales: aprende con metodolog\u00eda pr\u00e1ctica, certificaci\u00f3n y acompa\u00f1amiento experto.\",\"breadcrumb\":{\"@id\":\"https:\/\/vitaniapilatesacademy.com\/ca\/formacions\/#breadcrumb\"},\"inLanguage\":\"ca\",\"potentialAction\":[{\"@type\":\"ReadAction\",\"target\":[\"https:\/\/vitaniapilatesacademy.com\/ca\/formacions\/\"]}]},{\"@type\":\"ImageObject\",\"inLanguage\":\"ca\",\"@id\":\"https:\/\/vitaniapilatesacademy.com\/ca\/formacions\/#primaryimage\",\"url\":\"https:\/\/vitaniapilatesacademy.com\/wp-content\/uploads\/2025\/12\/icona.png\",\"contentUrl\":\"https:\/\/vitaniapilatesacademy.com\/wp-content\/uploads\/2025\/12\/icona.png\",\"width\":928,\"height\":928,\"caption\":\"Formaciones de Pilates\"},{\"@type\":\"BreadcrumbList\",\"@id\":\"https:\/\/vitaniapilatesacademy.com\/ca\/formacions\/#breadcrumb\",\"itemListElement\":[{\"@type\":\"ListItem\",\"position\":1,\"name\":\"Home\",\"item\":\"https:\/\/vitaniapilatesacademy.com\/ca\/\"},{\"@type\":\"ListItem\",\"position\":2,\"name\":\"Formacions de Pilates\"}]},{\"@type\":\"WebSite\",\"@id\":\"https:\/\/vitaniapilatesacademy.com\/#website\",\"url\":\"https:\/\/vitaniapilatesacademy.com\/\",\"name\":\"Vit\u0101nia Pilates Academy\",\"description\":\"Cursos de formaci\u00f3n como instructor de Pilates\",\"publisher\":{\"@id\":\"https:\/\/vitaniapilatesacademy.com\/#organization\"},\"potentialAction\":[{\"@type\":\"SearchAction\",\"target\":{\"@type\":\"EntryPoint\",\"urlTemplate\":\"https:\/\/vitaniapilatesacademy.com\/?s={search_term_string}\"},\"query-input\":{\"@type\":\"PropertyValueSpecification\",\"valueRequired\":true,\"valueName\":\"search_term_string\"}}],\"inLanguage\":\"ca\"},{\"@type\":\"Organization\",\"@id\":\"https:\/\/vitaniapilatesacademy.com\/#organization\",\"name\":\"Vit\u0101nia Pilates Academy\",\"url\":\"https:\/\/vitaniapilatesacademy.com\/\",\"logo\":{\"@type\":\"ImageObject\",\"inLanguage\":\"ca\",\"@id\":\"https:\/\/vitaniapilatesacademy.com\/#\/schema\/logo\/image\/\",\"url\":\"https:\/\/vitaniapilatesacademy.com\/wp-content\/uploads\/2025\/12\/logotip-blanc.png\",\"contentUrl\":\"https:\/\/vitaniapilatesacademy.com\/wp-content\/uploads\/2025\/12\/logotip-blanc.png\",\"width\":864,\"height\":218,\"caption\":\"Vit\u0101nia Pilates Academy\"},\"image\":{\"@id\":\"https:\/\/vitaniapilatesacademy.com\/#\/schema\/logo\/image\/\"}}]}<\/script>\n<!-- \/ Yoast SEO plugin. -->","yoast_head_json":{"title":"Formacions de Pilates - Vit\u0101nia Pilates Academy","description":"Formaciones de Pilates para profesores y profesionales: aprende con metodolog\u00eda pr\u00e1ctica, certificaci\u00f3n y acompa\u00f1amiento experto.","robots":{"index":"index","follow":"follow","max-snippet":"max-snippet:-1","max-image-preview":"max-image-preview:large","max-video-preview":"max-video-preview:-1"},"canonical":"https:\/\/vitaniapilatesacademy.com\/ca\/formacions\/","og_locale":"ca_ES","og_type":"article","og_title":"Formacions de Pilates - Vit\u0101nia Pilates Academy","og_description":"Formaciones de Pilates para profesores y profesionales: aprende con metodolog\u00eda pr\u00e1ctica, certificaci\u00f3n y acompa\u00f1amiento experto.","og_url":"https:\/\/vitaniapilatesacademy.com\/ca\/formacions\/","og_site_name":"Vit\u0101nia Pilates Academy","article_modified_time":"2026-02-16T09:24:41+00:00","og_image":[{"width":928,"height":928,"url":"https:\/\/vitaniapilatesacademy.com\/wp-content\/uploads\/2025\/12\/icona.png","type":"image\/png"}],"twitter_card":"summary_large_image","twitter_misc":{"Temps estimat de lectura":"2 minuts"},"schema":{"@context":"https:\/\/schema.org","@graph":[{"@type":"WebPage","@id":"https:\/\/vitaniapilatesacademy.com\/ca\/formacions\/","url":"https:\/\/vitaniapilatesacademy.com\/ca\/formacions\/","name":"Formacions de Pilates - Vit\u0101nia Pilates Academy","isPartOf":{"@id":"https:\/\/vitaniapilatesacademy.com\/#website"},"primaryImageOfPage":{"@id":"https:\/\/vitaniapilatesacademy.com\/ca\/formacions\/#primaryimage"},"image":{"@id":"https:\/\/vitaniapilatesacademy.com\/ca\/formacions\/#primaryimage"},"thumbnailUrl":"https:\/\/vitaniapilatesacademy.com\/wp-content\/uploads\/2025\/12\/icona.png","datePublished":"2026-01-12T09:43:27+00:00","dateModified":"2026-02-16T09:24:41+00:00","description":"Formaciones de Pilates para profesores y profesionales: aprende con metodolog\u00eda pr\u00e1ctica, certificaci\u00f3n y acompa\u00f1amiento experto.","breadcrumb":{"@id":"https:\/\/vitaniapilatesacademy.com\/ca\/formacions\/#breadcrumb"},"inLanguage":"ca","potentialAction":[{"@type":"ReadAction","target":["https:\/\/vitaniapilatesacademy.com\/ca\/formacions\/"]}]},{"@type":"ImageObject","inLanguage":"ca","@id":"https:\/\/vitaniapilatesacademy.com\/ca\/formacions\/#primaryimage","url":"https:\/\/vitaniapilatesacademy.com\/wp-content\/uploads\/2025\/12\/icona.png","contentUrl":"https:\/\/vitaniapilatesacademy.com\/wp-content\/uploads\/2025\/12\/icona.png","width":928,"height":928,"caption":"Formaciones de Pilates"},{"@type":"BreadcrumbList","@id":"https:\/\/vitaniapilatesacademy.com\/ca\/formacions\/#breadcrumb","itemListElement":[{"@type":"ListItem","position":1,"name":"Home","item":"https:\/\/vitaniapilatesacademy.com\/ca\/"},{"@type":"ListItem","position":2,"name":"Formacions de Pilates"}]},{"@type":"WebSite","@id":"https:\/\/vitaniapilatesacademy.com\/#website","url":"https:\/\/vitaniapilatesacademy.com\/","name":"Vit\u0101nia Pilates Academy","description":"Cursos de formaci\u00f3n como instructor de Pilates","publisher":{"@id":"https:\/\/vitaniapilatesacademy.com\/#organization"},"potentialAction":[{"@type":"SearchAction","target":{"@type":"EntryPoint","urlTemplate":"https:\/\/vitaniapilatesacademy.com\/?s={search_term_string}"},"query-input":{"@type":"PropertyValueSpecification","valueRequired":true,"valueName":"search_term_string"}}],"inLanguage":"ca"},{"@type":"Organization","@id":"https:\/\/vitaniapilatesacademy.com\/#organization","name":"Vit\u0101nia Pilates Academy","url":"https:\/\/vitaniapilatesacademy.com\/","logo":{"@type":"ImageObject","inLanguage":"ca","@id":"https:\/\/vitaniapilatesacademy.com\/#\/schema\/logo\/image\/","url":"https:\/\/vitaniapilatesacademy.com\/wp-content\/uploads\/2025\/12\/logotip-blanc.png","contentUrl":"https:\/\/vitaniapilatesacademy.com\/wp-content\/uploads\/2025\/12\/logotip-blanc.png","width":864,"height":218,"caption":"Vit\u0101nia Pilates Academy"},"image":{"@id":"https:\/\/vitaniapilatesacademy.com\/#\/schema\/logo\/image\/"}}]}},"_links":{"self":[{"href":"https:\/\/vitaniapilatesacademy.com\/ca\/wp-json\/wp\/v2\/pages\/5809","targetHints":{"allow":["GET"]}}],"collection":[{"href":"https:\/\/vitaniapilatesacademy.com\/ca\/wp-json\/wp\/v2\/pages"}],"about":[{"href":"https:\/\/vitaniapilatesacademy.com\/ca\/wp-json\/wp\/v2\/types\/page"}],"author":[{"embeddable":true,"href":"https:\/\/vitaniapilatesacademy.com\/ca\/wp-json\/wp\/v2\/users\/1"}],"replies":[{"embeddable":true,"href":"https:\/\/vitaniapilatesacademy.com\/ca\/wp-json\/wp\/v2\/comments?post=5809"}],"version-history":[{"count":8,"href":"https:\/\/vitaniapilatesacademy.com\/ca\/wp-json\/wp\/v2\/pages\/5809\/revisions"}],"predecessor-version":[{"id":5885,"href":"https:\/\/vitaniapilatesacademy.com\/ca\/wp-json\/wp\/v2\/pages\/5809\/revisions\/5885"}],"wp:featuredmedia":[{"embeddable":true,"href":"https:\/\/vitaniapilatesacademy.com\/ca\/wp-json\/wp\/v2\/media\/5718"}],"wp:attachment":[{"href":"https:\/\/vitaniapilatesacademy.com\/ca\/wp-json\/wp\/v2\/media?parent=5809"}],"curies":[{"name":"wp","href":"https:\/\/api.w.org\/{rel}","templated":true}]}}