{"id":5892,"date":"2026-01-28T09:52:09","date_gmt":"2026-01-28T09:52:09","guid":{"rendered":"https:\/\/vitaniapilatesacademy.com\/gracias\/"},"modified":"2026-02-16T09:48:26","modified_gmt":"2026-02-16T09:48:26","slug":"gracies","status":"publish","type":"page","link":"https:\/\/vitaniapilatesacademy.com\/ca\/gracies\/","title":{"rendered":"Gr\u00e0cies"},"content":{"rendered":"<div class=\"wpb-content-wrapper\">[vc_section full_width=&#8221;stretch_row&#8221; video_bg_zoom=&#8221;false&#8221; video_bg_center=&#8221;true&#8221; video_bg=&#8221;self_hosted&#8221; video_bg_mp4=&#8221;https:\/\/vitaniapilatesacademy.com\/wp-content\/uploads\/2025\/12\/IMG_5075.mov&#8221; css=&#8221;.vc_custom_1766400123760{padding-top: 180px !important;padding-bottom: 180px !important;}&#8221; wpex_bg_overlay=&#8221;color&#8221; wpex_bg_overlay_color=&#8221;palette-4633&#8243;][vc_row column_spacing=&#8221;0px&#8221; remove_bottom_col_margin=&#8221;true&#8221;][vc_column]<style>.vcex-heading.vcex_69f4025e3f59f{color:var(--wpex-palette-4634-color);font-size:40px;font-family:Inter, sans-serif;font-weight:100;text-transform:uppercase;}<\/style><h1 class=\"vcex-heading vcex-heading-plain vcex-module wpex-heading wpex-text-2xl wpex-mt-0 wpex-mb-0 wpex-text-center vcex_69f4025e3f59f\"><span class=\"vcex-heading-inner wpex-inline-block\">\u00a1Gr\u00e0cies por contactar!<\/span><\/h1><div class=\"vcex-spacing wpex-w-100 wpex-clear\" style=\"height:10px;\"><\/div>[vc_column_text css=&#8221;&#8221; text_align=&#8221;center&#8221; color=&#8221;#ffffff&#8221; font_size=&#8221;28px&#8221;]\n<p style=\"text-align: center;\">Atendrem la teva petici\u00f3 en la major brevetat possible.<\/p>\n[\/vc_column_text][\/vc_column][\/vc_row][\/vc_section][vc_section full_width=&#8221;stretch_row&#8221; css=&#8221;.vc_custom_1768211399696{padding-top: 80px !important;padding-bottom: 80px !important;}&#8221;][vc_row column_spacing=&#8221;0px&#8221; remove_bottom_col_margin=&#8221;true&#8221;][vc_column]<style>.vcex-heading.vcex_69f4025e40cc2{color:#000000;text-transform:uppercase;}<\/style><h2 class=\"vcex-heading vcex-heading-plain vcex-module wpex-heading wpex-text-2xl wpex-mt-0 wpex-mb-0 wpex-text-center vcex_69f4025e40cc2\"><span class=\"vcex-heading-inner wpex-inline-block\">Altres formacions diponibles<\/span><\/h2><div class=\"vcex-spacing wpex-w-100 wpex-clear\" style=\"height:30px;\"><\/div>[\/vc_column][\/vc_row][vc_row css_animation=&#8221;fadeInLeft&#8221; content_placement=&#8221;middle&#8221; column_spacing=&#8221;0px&#8221; equal_height=&#8221;yes&#8221; remove_bottom_col_margin=&#8221;true&#8221; css=&#8221;.vc_custom_1768208594298{margin-bottom: 30px !important;}&#8221;][vc_column width=&#8221;1\/2&#8243; el_class=&#8221;formaciones-home-caixa-text-left&#8221;]<style>.vcex-heading.vcex_69f4025e41604{color:var(--wpex-palette-4633-color);font-size:22px;font-family:Inter, sans-serif;font-weight:600;}<\/style><h3 class=\"vcex-heading vcex-heading-plain vcex-module wpex-heading wpex-text-2xl wpex-mb-15 wpex-text-left vcex_69f4025e41604\"><span class=\"vcex-heading-inner wpex-inline-block\">Formaci\u00f3 de Pilates Integral<\/span><\/h3>[vc_column_text css=&#8221;&#8221; text_align=&#8221;left&#8221; font_size=&#8221;16px&#8221;]Programa complet que combina teoria i pr\u00e0ctica perqu\u00e8 dominis el m\u00e8tode Pilates Cl\u00e0ssic de manera transversal, s\u00f2lida i professional. La formaci\u00f3 inclou pr\u00e0ctiques reals com a instructor.[\/vc_column_text]<style>.vcex-button.vcex_69f4025e42580:hover{background:var(--wpex-palette-4631-color)!important;}.vcex-button.vcex_69f4025e42580{margin-block-start:25px;font-size:13px;font-family:Inter, sans-serif;text-transform:uppercase;}<\/style><a href=\"\/ca\/formacions\/formacio-de-pilates-integral\/\" class=\"vcex-button theme-button align-left inline vcex_69f4025e42580\"><span class=\"vcex-button-inner theme-button-inner wpex-flex wpex-flex-wrap wpex-items-center wpex-justify-center\">M\u00e9s informaci\u00f3<\/span><\/a> [\/vc_column][vc_column parallax=&#8221;content-moving&#8221; parallax_image=&#8221;5388&#8243; width=&#8221;1\/2&#8243; min_height=&#8221;390px&#8221; el_class=&#8221;formaciones-home-caixa-imatge-right&#8221;][\/vc_column][\/vc_row][vc_row column_spacing=&#8221;0px&#8221; remove_bottom_col_margin=&#8221;true&#8221;][vc_column]<style>.vcex-grid-container.vcex_69f4025e42d02{gap:25px;}<\/style><div class=\"vcex-grid-container vcex-module wpex-grid wpex-gap-20 wpex-grid-cols-1 wpex-sm-grid-cols-1 wpex-md-grid-cols-2 wpex-lg-grid-cols-2 wpex-xl-grid-cols-2 vcex_69f4025e42d02\"><style>.vcex-image-banner.vcex_69f4025e43ddd .vcex-ib-overlay-bg{background-color:var(--wpex-palette-4633-color);opacity:0.8;}.vcex-image-banner.vcex_69f4025e43ddd .vcex-ib-title{padding-block-end:15px;color:var(--wpex-palette-4634-color);font-size:22px;}.vcex-image-banner.vcex_69f4025e43ddd .vcex-ib-caption{padding-block-end:25px;color:var(--wpex-palette-4634-color);font-size:16px;}.vcex-image-banner.vcex_69f4025e43ddd .vcex-ib-button-inner{font-size:13px;}.vcex-image-banner.vcex_69f4025e43ddd .vcex-ib-button-inner:hover{background:var(--wpex-palette-4631-color);}.vcex-image-banner.vcex_69f4025e43ddd .vcex-ib-img{transition-duration:5.9s;}<\/style><a class=\"vcex-module vcex-image-banner vcex-image-banner-has-link wpex-no-underline wpex-flex wpex-flex-col wpex-w-100 wpex-justify-center wpex-relative wpex-overflow-hidden wpex-bg-gray-900 wpex-text-white wpex-hover-text-white  wpb_animate_when_almost_visible wpb_fadeInLeft fadeInLeft wpex-text-center wpex-rounded-lg vcex-h-zoom wpex-isolate vcex-has-button vcex_69f4025e43ddd\" href=\"https:\/\/vitaniapilatesacademy.com\/ca\/formacions\/curs-de-pilates-mat\/\" title=\"Curs de Pilates Mat\"><span class=\"vcex-ib-img wpex-block wpex-transition-all wpex-duration-500 wpex-bg-cover wpex-absolute wpex-inset-0\" style=\"background-image:url(https:\/\/vitaniapilatesacademy.com\/wp-content\/uploads\/2026\/01\/img-serveis-1.jpg);\"><\/span><div class=\"vcex-ib-overlay wpex-absolute wpex-inset-0 wpex-transition-all wpex-duration-500\"><div class=\"vcex-ib-overlay-bg wpex-absolute wpex-inset-0 wpex-bg-black wpex-opacity-30\"><\/div><\/div><div class=\"vcex-ib-content-wrap wpex-w-100 wpex-transition-all wpex-duration-500 wpex-py-100 wpex-px-40 wpex-relative\"><div class=\"vcex-ib-content wpex-mx-auto\"><div class=\"vcex-ib-title wpex-heading\">Curso de Pilates Mat<\/div><div class=\"vcex-ib-caption wpex-text-lg wpex-last-mb-0\">Curso dise\u00f1ado para dominar la base del M\u00e9todo Pilates. Aprender\u00e1s a comprender el movimiento desde una base anat\u00f3mica, a guiar clases efectivas y seguras, y a adaptar los ejercicios a diferentes niveles y necesidades.<\/div><div class=\"vcex-ib-button\"><span class=\"vcex-ib-button-inner theme-button\">M\u00c1S INFORMACI\u00d3N<\/span><\/div><\/div><\/div><\/a><style>.vcex-image-banner.vcex_69f4025e46b52 .vcex-ib-overlay-bg{background-color:var(--wpex-palette-4633-color);opacity:0.8;}.vcex-image-banner.vcex_69f4025e46b52 .vcex-ib-title{padding-block-end:15px;color:var(--wpex-palette-4634-color);font-size:22px;}.vcex-image-banner.vcex_69f4025e46b52 .vcex-ib-caption{padding-block-end:25px;color:var(--wpex-palette-4634-color);font-size:16px;}.vcex-image-banner.vcex_69f4025e46b52 .vcex-ib-button-inner{font-size:13px;}.vcex-image-banner.vcex_69f4025e46b52 .vcex-ib-button-inner:hover{background:var(--wpex-palette-4631-color);}.vcex-image-banner.vcex_69f4025e46b52 .vcex-ib-img{transition-duration:5.9s;}<\/style><a class=\"vcex-module vcex-image-banner vcex-image-banner-has-link wpex-no-underline wpex-flex wpex-flex-col wpex-w-100 wpex-justify-center wpex-relative wpex-overflow-hidden wpex-bg-gray-900 wpex-text-white wpex-hover-text-white  wpb_animate_when_almost_visible wpb_fadeInRight fadeInRight wpex-text-center wpex-rounded-lg vcex-h-zoom wpex-isolate vcex-has-button vcex_69f4025e46b52\" href=\"\/ca\/formacions\/curs-de-pilates-reformer\/\"><span class=\"vcex-ib-img wpex-block wpex-transition-all wpex-duration-500 wpex-bg-cover wpex-absolute wpex-inset-0\" style=\"background-image:url(https:\/\/vitaniapilatesacademy.com\/wp-content\/uploads\/2026\/01\/img-serveis-reformer.jpg);\"><\/span><div class=\"vcex-ib-overlay wpex-absolute wpex-inset-0 wpex-transition-all wpex-duration-500\"><div class=\"vcex-ib-overlay-bg wpex-absolute wpex-inset-0 wpex-bg-black wpex-opacity-30\"><\/div><\/div><div class=\"vcex-ib-content-wrap wpex-w-100 wpex-transition-all wpex-duration-500 wpex-py-100 wpex-px-40 wpex-relative\"><div class=\"vcex-ib-content wpex-mx-auto\"><div class=\"vcex-ib-title wpex-heading\">Curso de Pilates Reformer<\/div><div class=\"vcex-ib-caption wpex-text-lg wpex-last-mb-0\">Formaci\u00f3n pr\u00e1ctica para aprender a preparar clases completas, adaptar los ejercicios a diferentes perfiles, incluyendo alumnos con patolog\u00edas, y dirigir las sesiones con precisi\u00f3n t\u00e9cnica.<\/div><div class=\"vcex-ib-button\"><span class=\"vcex-ib-button-inner theme-button\">M\u00c1S INFORMACI\u00d3N<\/span><\/div><\/div><\/div><\/a><style>.vcex-image-banner.vcex_69f4025e47f19 .vcex-ib-overlay-bg{background-color:var(--wpex-palette-4633-color);opacity:0.8;}.vcex-image-banner.vcex_69f4025e47f19 .vcex-ib-title{padding-block-end:15px;color:var(--wpex-palette-4634-color);font-size:22px;}.vcex-image-banner.vcex_69f4025e47f19 .vcex-ib-caption{padding-block-end:25px;color:var(--wpex-palette-4634-color);font-size:16px;}.vcex-image-banner.vcex_69f4025e47f19 .vcex-ib-button-inner{font-size:13px;}.vcex-image-banner.vcex_69f4025e47f19 .vcex-ib-button-inner:hover{background:var(--wpex-palette-4631-color);}.vcex-image-banner.vcex_69f4025e47f19 .vcex-ib-img{transition-duration:5.9s;}<\/style><a class=\"vcex-module vcex-image-banner vcex-image-banner-has-link wpex-no-underline wpex-flex wpex-flex-col wpex-w-100 wpex-justify-center wpex-relative wpex-overflow-hidden wpex-bg-gray-900 wpex-text-white wpex-hover-text-white  wpb_animate_when_almost_visible wpb_fadeInLeft fadeInLeft wpex-text-center wpex-rounded-lg vcex-h-zoom wpex-isolate vcex-has-button vcex_69f4025e47f19\" href=\"https:\/\/vitaniapilatesacademy.com\/ca\/formacions\/curs-de-pilates-studio\/\" title=\"Curs de Pilates Studio\"><span class=\"vcex-ib-img wpex-block wpex-transition-all wpex-duration-500 wpex-bg-cover wpex-absolute wpex-inset-0\" style=\"background-image:url(https:\/\/vitaniapilatesacademy.com\/wp-content\/uploads\/2026\/01\/img-serveis-studio.jpg);\"><\/span><div class=\"vcex-ib-overlay wpex-absolute wpex-inset-0 wpex-transition-all wpex-duration-500\"><div class=\"vcex-ib-overlay-bg wpex-absolute wpex-inset-0 wpex-bg-black wpex-opacity-30\"><\/div><\/div><div class=\"vcex-ib-content-wrap wpex-w-100 wpex-transition-all wpex-duration-500 wpex-py-100 wpex-px-40 wpex-relative\"><div class=\"vcex-ib-content wpex-mx-auto\"><div class=\"vcex-ib-title wpex-heading\">Curso de Pilates Studio<\/div><div class=\"vcex-ib-caption wpex-text-lg wpex-last-mb-0\">Formaci\u00f3n intensiva dise\u00f1ada para profesionalizarse en el dominio del Pilates Reformer, Cadillach, Chairs y Barrel. Te proporcionar\u00e1 las herramientas necesarias para dise\u00f1ar clases efectivas, conscientes y adaptadas a distintos niveles, objetivos y condiciones f\u00edsicas.<\/div><div class=\"vcex-ib-button\"><span class=\"vcex-ib-button-inner theme-button\">M\u00c1S INFORMACI\u00d3N<\/span><\/div><\/div><\/div><\/a><style>.vcex-image-banner.vcex_69f4025e4a232 .vcex-ib-overlay-bg{background-color:var(--wpex-palette-4633-color);opacity:0.8;}.vcex-image-banner.vcex_69f4025e4a232 .vcex-ib-title{padding-block-end:15px;color:var(--wpex-palette-4634-color);font-size:22px;}.vcex-image-banner.vcex_69f4025e4a232 .vcex-ib-caption{padding-block-end:25px;color:var(--wpex-palette-4634-color);font-size:16px;}.vcex-image-banner.vcex_69f4025e4a232 .vcex-ib-button-inner{font-size:13px;}.vcex-image-banner.vcex_69f4025e4a232 .vcex-ib-button-inner:hover{background:var(--wpex-palette-4631-color);}.vcex-image-banner.vcex_69f4025e4a232 .vcex-ib-img{transition-duration:5.9s;}<\/style><a class=\"vcex-module vcex-image-banner vcex-image-banner-has-link wpex-no-underline wpex-flex wpex-flex-col wpex-w-100 wpex-justify-center wpex-relative wpex-overflow-hidden wpex-bg-gray-900 wpex-text-white wpex-hover-text-white  wpb_animate_when_almost_visible wpb_fadeInRight fadeInRight wpex-text-center wpex-rounded-lg vcex-h-zoom wpex-isolate vcex-has-button vcex_69f4025e4a232\" href=\"https:\/\/vitaniapilatesacademy.com\/ca\/formacions\/curs-de-poblacions-especials-i-patologies\/\" title=\"Curs de Poblacions Especials i Patologies\"><span class=\"vcex-ib-img wpex-block wpex-transition-all wpex-duration-500 wpex-bg-cover wpex-absolute wpex-inset-0\" style=\"background-image:url(https:\/\/vitaniapilatesacademy.com\/wp-content\/uploads\/2026\/01\/img-serveis-patologias.jpg);\"><\/span><div class=\"vcex-ib-overlay wpex-absolute wpex-inset-0 wpex-transition-all wpex-duration-500\"><div class=\"vcex-ib-overlay-bg wpex-absolute wpex-inset-0 wpex-bg-black wpex-opacity-30\"><\/div><\/div><div class=\"vcex-ib-content-wrap wpex-w-100 wpex-transition-all wpex-duration-500 wpex-py-100 wpex-px-40 wpex-relative\"><div class=\"vcex-ib-content wpex-mx-auto\"><div class=\"vcex-ib-title wpex-heading\">Monogr\u00e1fico de patolog\u00edas y poblaciones especiales<\/div><div class=\"vcex-ib-caption wpex-text-lg wpex-last-mb-0\">Una formaci\u00f3n intensiva, pr\u00e1ctica y rigurosa para aprender a preparar las clases, adaptando los ejercicios a diferentes perfiles con patolog\u00edas y a impartirlas con precisi\u00f3n t\u00e9cnica.<\/div><div class=\"vcex-ib-button\"><span class=\"vcex-ib-button-inner theme-button\">M\u00c1S INFORMACI\u00d3N<\/span><\/div><\/div><\/div><\/a><\/div>[\/vc_column][\/vc_row][\/vc_section]\n<\/div>","protected":false},"excerpt":{"rendered":"<p>[vc_section full_width=&#8221;stretch_row&#8221; video_bg_zoom=&#8221;false&#8221; video_bg_center=&#8221;true&#8221; video_bg=&#8221;self_hosted&#8221; video_bg_mp4=&#8221;https:\/\/vitaniapilatesacademy.com\/wp-content\/uploads\/2025\/12\/IMG_5075.mov&#8221; css=&#8221;.vc_custom_1766400123760{padding-top: 180px !important;padding-bottom: 180px !important;}&#8221; wpex_bg_overlay=&#8221;color&#8221; wpex_bg_overlay_color=&#8221;palette-4633&#8243;][vc_row column_spacing=&#8221;0px&#8221; remove_bottom_col_margin=&#8221;true&#8221;][vc_column][vc_column_text css=&#8221;&#8221; text_align=&#8221;center&#8221; color=&#8221;#ffffff&#8221; font_size=&#8221;28px&#8221;] Atendrem la teva petici\u00f3 en la major brevetat possible. [\/vc_column_text][\/vc_column][\/vc_row][\/vc_section][vc_section full_width=&#8221;stretch_row&#8221; css=&#8221;.vc_custom_1768211399696{padding-top: 80px !important;padding-bottom: 80px !important;}&#8221;][vc_row column_spacing=&#8221;0px&#8221; remove_bottom_col_margin=&#8221;true&#8221;][vc_column][\/vc_column][\/vc_row][vc_row css_animation=&#8221;fadeInLeft&#8221; content_placement=&#8221;middle&#8221; column_spacing=&#8221;0px&#8221; equal_height=&#8221;yes&#8221; remove_bottom_col_margin=&#8221;true&#8221; css=&#8221;.vc_custom_1768208594298{margin-bottom: 30px !important;}&#8221;][vc_column width=&#8221;1\/2&#8243; el_class=&#8221;formaciones-home-caixa-text-left&#8221;][vc_column_text css=&#8221;&#8221; text_align=&#8221;left&#8221; font_size=&#8221;16px&#8221;]Programa complet que combina teoria i&hellip;<\/p>\n","protected":false},"author":1,"featured_media":0,"parent":0,"menu_order":0,"comment_status":"closed","ping_status":"closed","template":"templates\/no-sidebar.php","meta":{"_joinchat":[],"footnotes":""},"class_list":["post-5892","page","type-page","status-publish","hentry","entry","no-media"],"yoast_head":"<!-- This site is optimized with the Yoast SEO plugin v27.0 - https:\/\/yoast.com\/product\/yoast-seo-wordpress\/ -->\n<title>Gr\u00e0cies - Vit\u0101nia Pilates Academy<\/title>\n<meta name=\"robots\" content=\"index, follow, max-snippet:-1, max-image-preview:large, max-video-preview:-1\" \/>\n<link rel=\"canonical\" href=\"https:\/\/vitaniapilatesacademy.com\/ca\/gracies\/\" \/>\n<meta property=\"og:locale\" content=\"ca_ES\" \/>\n<meta property=\"og:type\" content=\"article\" \/>\n<meta property=\"og:title\" content=\"Gr\u00e0cies - Vit\u0101nia Pilates Academy\" \/>\n<meta property=\"og:description\" content=\"[vc_section full_width=&#8221;stretch_row&#8221; video_bg_zoom=&#8221;false&#8221; video_bg_center=&#8221;true&#8221; video_bg=&#8221;self_hosted&#8221; video_bg_mp4=&#8221;https:\/\/vitaniapilatesacademy.com\/wp-content\/uploads\/2025\/12\/IMG_5075.mov&#8221; css=&#8221;.vc_custom_1766400123760{padding-top: 180px !important;padding-bottom: 180px !important;}&#8221; wpex_bg_overlay=&#8221;color&#8221; wpex_bg_overlay_color=&#8221;palette-4633&#8243;][vc_row column_spacing=&#8221;0px&#8221; remove_bottom_col_margin=&#8221;true&#8221;][vc_column][vc_column_text css=&#8221;&#8221; text_align=&#8221;center&#8221; color=&#8221;#ffffff&#8221; font_size=&#8221;28px&#8221;] Atendrem la teva petici\u00f3 en la major brevetat possible. [\/vc_column_text][\/vc_column][\/vc_row][\/vc_section][vc_section full_width=&#8221;stretch_row&#8221; css=&#8221;.vc_custom_1768211399696{padding-top: 80px !important;padding-bottom: 80px !important;}&#8221;][vc_row column_spacing=&#8221;0px&#8221; remove_bottom_col_margin=&#8221;true&#8221;][vc_column][\/vc_column][\/vc_row][vc_row css_animation=&#8221;fadeInLeft&#8221; content_placement=&#8221;middle&#8221; column_spacing=&#8221;0px&#8221; equal_height=&#8221;yes&#8221; remove_bottom_col_margin=&#8221;true&#8221; css=&#8221;.vc_custom_1768208594298{margin-bottom: 30px !important;}&#8221;][vc_column width=&#8221;1\/2&#8243; el_class=&#8221;formaciones-home-caixa-text-left&#8221;][vc_column_text css=&#8221;&#8221; text_align=&#8221;left&#8221; font_size=&#8221;16px&#8221;]Programa complet que combina teoria i&hellip;\" \/>\n<meta property=\"og:url\" content=\"https:\/\/vitaniapilatesacademy.com\/ca\/gracies\/\" \/>\n<meta property=\"og:site_name\" content=\"Vit\u0101nia Pilates Academy\" \/>\n<meta property=\"article:modified_time\" content=\"2026-02-16T09:48:26+00:00\" \/>\n<meta name=\"twitter:card\" content=\"summary_large_image\" \/>\n<meta name=\"twitter:label1\" content=\"Temps estimat de lectura\" \/>\n\t<meta name=\"twitter:data1\" content=\"3 minuts\" \/>\n<script type=\"application\/ld+json\" class=\"yoast-schema-graph\">{\"@context\":\"https:\/\/schema.org\",\"@graph\":[{\"@type\":\"WebPage\",\"@id\":\"https:\/\/vitaniapilatesacademy.com\/ca\/gracies\/\",\"url\":\"https:\/\/vitaniapilatesacademy.com\/ca\/gracies\/\",\"name\":\"Gr\u00e0cies - Vit\u0101nia Pilates Academy\",\"isPartOf\":{\"@id\":\"https:\/\/vitaniapilatesacademy.com\/#website\"},\"datePublished\":\"2026-01-28T09:52:09+00:00\",\"dateModified\":\"2026-02-16T09:48:26+00:00\",\"breadcrumb\":{\"@id\":\"https:\/\/vitaniapilatesacademy.com\/ca\/gracies\/#breadcrumb\"},\"inLanguage\":\"ca\",\"potentialAction\":[{\"@type\":\"ReadAction\",\"target\":[\"https:\/\/vitaniapilatesacademy.com\/ca\/gracies\/\"]}]},{\"@type\":\"BreadcrumbList\",\"@id\":\"https:\/\/vitaniapilatesacademy.com\/ca\/gracies\/#breadcrumb\",\"itemListElement\":[{\"@type\":\"ListItem\",\"position\":1,\"name\":\"Home\",\"item\":\"https:\/\/vitaniapilatesacademy.com\/ca\/\"},{\"@type\":\"ListItem\",\"position\":2,\"name\":\"Gr\u00e0cies\"}]},{\"@type\":\"WebSite\",\"@id\":\"https:\/\/vitaniapilatesacademy.com\/#website\",\"url\":\"https:\/\/vitaniapilatesacademy.com\/\",\"name\":\"Vit\u0101nia Pilates Academy\",\"description\":\"Cursos de formaci\u00f3n como instructor de Pilates\",\"publisher\":{\"@id\":\"https:\/\/vitaniapilatesacademy.com\/#organization\"},\"potentialAction\":[{\"@type\":\"SearchAction\",\"target\":{\"@type\":\"EntryPoint\",\"urlTemplate\":\"https:\/\/vitaniapilatesacademy.com\/?s={search_term_string}\"},\"query-input\":{\"@type\":\"PropertyValueSpecification\",\"valueRequired\":true,\"valueName\":\"search_term_string\"}}],\"inLanguage\":\"ca\"},{\"@type\":\"Organization\",\"@id\":\"https:\/\/vitaniapilatesacademy.com\/#organization\",\"name\":\"Vit\u0101nia Pilates Academy\",\"url\":\"https:\/\/vitaniapilatesacademy.com\/\",\"logo\":{\"@type\":\"ImageObject\",\"inLanguage\":\"ca\",\"@id\":\"https:\/\/vitaniapilatesacademy.com\/#\/schema\/logo\/image\/\",\"url\":\"https:\/\/vitaniapilatesacademy.com\/wp-content\/uploads\/2025\/12\/logotip-blanc.png\",\"contentUrl\":\"https:\/\/vitaniapilatesacademy.com\/wp-content\/uploads\/2025\/12\/logotip-blanc.png\",\"width\":864,\"height\":218,\"caption\":\"Vit\u0101nia Pilates Academy\"},\"image\":{\"@id\":\"https:\/\/vitaniapilatesacademy.com\/#\/schema\/logo\/image\/\"}}]}<\/script>\n<!-- \/ Yoast SEO plugin. -->","yoast_head_json":{"title":"Gr\u00e0cies - Vit\u0101nia Pilates Academy","robots":{"index":"index","follow":"follow","max-snippet":"max-snippet:-1","max-image-preview":"max-image-preview:large","max-video-preview":"max-video-preview:-1"},"canonical":"https:\/\/vitaniapilatesacademy.com\/ca\/gracies\/","og_locale":"ca_ES","og_type":"article","og_title":"Gr\u00e0cies - Vit\u0101nia Pilates Academy","og_description":"[vc_section full_width=&#8221;stretch_row&#8221; video_bg_zoom=&#8221;false&#8221; video_bg_center=&#8221;true&#8221; video_bg=&#8221;self_hosted&#8221; video_bg_mp4=&#8221;https:\/\/vitaniapilatesacademy.com\/wp-content\/uploads\/2025\/12\/IMG_5075.mov&#8221; css=&#8221;.vc_custom_1766400123760{padding-top: 180px !important;padding-bottom: 180px !important;}&#8221; wpex_bg_overlay=&#8221;color&#8221; wpex_bg_overlay_color=&#8221;palette-4633&#8243;][vc_row column_spacing=&#8221;0px&#8221; remove_bottom_col_margin=&#8221;true&#8221;][vc_column][vc_column_text css=&#8221;&#8221; text_align=&#8221;center&#8221; color=&#8221;#ffffff&#8221; font_size=&#8221;28px&#8221;] Atendrem la teva petici\u00f3 en la major brevetat possible. [\/vc_column_text][\/vc_column][\/vc_row][\/vc_section][vc_section full_width=&#8221;stretch_row&#8221; css=&#8221;.vc_custom_1768211399696{padding-top: 80px !important;padding-bottom: 80px !important;}&#8221;][vc_row column_spacing=&#8221;0px&#8221; remove_bottom_col_margin=&#8221;true&#8221;][vc_column][\/vc_column][\/vc_row][vc_row css_animation=&#8221;fadeInLeft&#8221; content_placement=&#8221;middle&#8221; column_spacing=&#8221;0px&#8221; equal_height=&#8221;yes&#8221; remove_bottom_col_margin=&#8221;true&#8221; css=&#8221;.vc_custom_1768208594298{margin-bottom: 30px !important;}&#8221;][vc_column width=&#8221;1\/2&#8243; el_class=&#8221;formaciones-home-caixa-text-left&#8221;][vc_column_text css=&#8221;&#8221; text_align=&#8221;left&#8221; font_size=&#8221;16px&#8221;]Programa complet que combina teoria i&hellip;","og_url":"https:\/\/vitaniapilatesacademy.com\/ca\/gracies\/","og_site_name":"Vit\u0101nia Pilates Academy","article_modified_time":"2026-02-16T09:48:26+00:00","twitter_card":"summary_large_image","twitter_misc":{"Temps estimat de lectura":"3 minuts"},"schema":{"@context":"https:\/\/schema.org","@graph":[{"@type":"WebPage","@id":"https:\/\/vitaniapilatesacademy.com\/ca\/gracies\/","url":"https:\/\/vitaniapilatesacademy.com\/ca\/gracies\/","name":"Gr\u00e0cies - Vit\u0101nia Pilates Academy","isPartOf":{"@id":"https:\/\/vitaniapilatesacademy.com\/#website"},"datePublished":"2026-01-28T09:52:09+00:00","dateModified":"2026-02-16T09:48:26+00:00","breadcrumb":{"@id":"https:\/\/vitaniapilatesacademy.com\/ca\/gracies\/#breadcrumb"},"inLanguage":"ca","potentialAction":[{"@type":"ReadAction","target":["https:\/\/vitaniapilatesacademy.com\/ca\/gracies\/"]}]},{"@type":"BreadcrumbList","@id":"https:\/\/vitaniapilatesacademy.com\/ca\/gracies\/#breadcrumb","itemListElement":[{"@type":"ListItem","position":1,"name":"Home","item":"https:\/\/vitaniapilatesacademy.com\/ca\/"},{"@type":"ListItem","position":2,"name":"Gr\u00e0cies"}]},{"@type":"WebSite","@id":"https:\/\/vitaniapilatesacademy.com\/#website","url":"https:\/\/vitaniapilatesacademy.com\/","name":"Vit\u0101nia Pilates Academy","description":"Cursos de formaci\u00f3n como instructor de Pilates","publisher":{"@id":"https:\/\/vitaniapilatesacademy.com\/#organization"},"potentialAction":[{"@type":"SearchAction","target":{"@type":"EntryPoint","urlTemplate":"https:\/\/vitaniapilatesacademy.com\/?s={search_term_string}"},"query-input":{"@type":"PropertyValueSpecification","valueRequired":true,"valueName":"search_term_string"}}],"inLanguage":"ca"},{"@type":"Organization","@id":"https:\/\/vitaniapilatesacademy.com\/#organization","name":"Vit\u0101nia Pilates Academy","url":"https:\/\/vitaniapilatesacademy.com\/","logo":{"@type":"ImageObject","inLanguage":"ca","@id":"https:\/\/vitaniapilatesacademy.com\/#\/schema\/logo\/image\/","url":"https:\/\/vitaniapilatesacademy.com\/wp-content\/uploads\/2025\/12\/logotip-blanc.png","contentUrl":"https:\/\/vitaniapilatesacademy.com\/wp-content\/uploads\/2025\/12\/logotip-blanc.png","width":864,"height":218,"caption":"Vit\u0101nia Pilates Academy"},"image":{"@id":"https:\/\/vitaniapilatesacademy.com\/#\/schema\/logo\/image\/"}}]}},"_links":{"self":[{"href":"https:\/\/vitaniapilatesacademy.com\/ca\/wp-json\/wp\/v2\/pages\/5892","targetHints":{"allow":["GET"]}}],"collection":[{"href":"https:\/\/vitaniapilatesacademy.com\/ca\/wp-json\/wp\/v2\/pages"}],"about":[{"href":"https:\/\/vitaniapilatesacademy.com\/ca\/wp-json\/wp\/v2\/types\/page"}],"author":[{"embeddable":true,"href":"https:\/\/vitaniapilatesacademy.com\/ca\/wp-json\/wp\/v2\/users\/1"}],"replies":[{"embeddable":true,"href":"https:\/\/vitaniapilatesacademy.com\/ca\/wp-json\/wp\/v2\/comments?post=5892"}],"version-history":[{"count":4,"href":"https:\/\/vitaniapilatesacademy.com\/ca\/wp-json\/wp\/v2\/pages\/5892\/revisions"}],"predecessor-version":[{"id":5896,"href":"https:\/\/vitaniapilatesacademy.com\/ca\/wp-json\/wp\/v2\/pages\/5892\/revisions\/5896"}],"wp:attachment":[{"href":"https:\/\/vitaniapilatesacademy.com\/ca\/wp-json\/wp\/v2\/media?parent=5892"}],"curies":[{"name":"wp","href":"https:\/\/api.w.org\/{rel}","templated":true}]}}